{"id":301,"date":"2024-10-15T20:08:30","date_gmt":"2024-10-15T20:08:30","guid":{"rendered":"http:\/\/www.lucas-hvacr.pe\/?page_id=301"},"modified":"2024-10-15T20:15:46","modified_gmt":"2024-10-15T20:15:46","slug":"camaras-frigorificas","status":"publish","type":"page","link":"https:\/\/www.lucas-hvacr.pe\/?page_id=301","title":{"rendered":"C\u00e1maras Frigor\u00edficas"},"content":{"rendered":"\n<p>Aqu\u00ed tienes una explicaci\u00f3n de por qu\u00e9 deber\u00edas adquirir nuestros servicios de instalaci\u00f3n, mantenimiento y soporte t\u00e9cnico para c\u00e1maras frigor\u00edficas:<\/p>\n\n\n\n<figure class=\"wp-block-table is-style-stripes\"><table class=\"has-fixed-layout\"><tbody><tr><td><strong>1. Experiencia y Profesionalismo<\/strong><br>Contamos con un equipo de t\u00e9cnicos altamente capacitados y con a\u00f1os de experiencia en la instalaci\u00f3n y mantenimiento de c\u00e1maras frigor\u00edficas. Nos aseguramos de que cada instalaci\u00f3n se realice con los m\u00e1s altos est\u00e1ndares de calidad y seguridad.<br><strong>2. Tecnolog\u00eda de Vanguardia<\/strong><br>Utilizamos las \u00faltimas tecnolog\u00edas y equipos de alta eficiencia energ\u00e9tica para garantizar que tus c\u00e1maras frigor\u00edficas funcionen de manera \u00f3ptima, reduciendo costos operativos y minimizando el impacto ambiental<\/td><td><img fetchpriority=\"high\" decoding=\"async\" width=\"360\" height=\"309\" class=\"wp-image-306\" style=\"width: 360px;\" src=\"http:\/\/www.lucas-hvacr.pe\/wp-content\/uploads\/2024\/10\/r_1.png\" alt=\"\" srcset=\"https:\/\/www.lucas-hvacr.pe\/wp-content\/uploads\/2024\/10\/r_1.png 467w, https:\/\/www.lucas-hvacr.pe\/wp-content\/uploads\/2024\/10\/r_1-300x258.png 300w\" sizes=\"(max-width: 360px) 100vw, 360px\" \/><\/td><\/tr><tr><td><img decoding=\"async\" width=\"360\" height=\"260\" class=\"wp-image-303\" style=\"width: 360px;\" src=\"http:\/\/www.lucas-hvacr.pe\/wp-content\/uploads\/2024\/10\/r_3.png\" alt=\"\" srcset=\"https:\/\/www.lucas-hvacr.pe\/wp-content\/uploads\/2024\/10\/r_3.png 447w, https:\/\/www.lucas-hvacr.pe\/wp-content\/uploads\/2024\/10\/r_3-300x217.png 300w\" sizes=\"(max-width: 360px) 100vw, 360px\" \/><\/td><td><strong>3. Mantenimiento Preventivo<\/strong><br>Ofrecemos planes de mantenimiento preventivo que ayudan a prolongar la vida \u00fatil de tus equipos y a evitar costosas reparaciones inesperadas. Nuestro mantenimiento regular asegura que tus c\u00e1maras frigor\u00edficas operen sin interrupciones.<br><strong>4. Soporte T\u00e9cnico 24\/7<\/strong><br>Entendemos que los problemas pueden surgir en cualquier momento. Por eso, ofrecemos soporte t\u00e9cnico las 24 horas del d\u00eda, los 7 d\u00edas de la semana, para resolver cualquier inconveniente de manera r\u00e1pida y eficiente.<\/td><\/tr><tr><td><strong>5. Personalizaci\u00f3n y Flexibilidad<\/strong><br>Nos adaptamos a las necesidades espec\u00edficas de tu negocio, ofreciendo soluciones personalizadas que se ajustan a tus requerimientos y presupuesto. Ya sea que necesites una instalaci\u00f3n nueva o mejorar un sistema existente, estamos aqu\u00ed para ayudarte.<br><strong>6. Cumplimiento Normativo<\/strong><br>Nos aseguramos de que todas nuestras instalaciones y servicios cumplan con las normativas locales e internacionales, garantizando que tu negocio est\u00e9 siempre en regla y evitando posibles sanciones.<\/td><td><img decoding=\"async\" width=\"360\" height=\"238\" class=\"wp-image-304\" style=\"width: 360px;\" src=\"http:\/\/www.lucas-hvacr.pe\/wp-content\/uploads\/2024\/10\/r_4.png\" alt=\"\" srcset=\"https:\/\/www.lucas-hvacr.pe\/wp-content\/uploads\/2024\/10\/r_4.png 445w, https:\/\/www.lucas-hvacr.pe\/wp-content\/uploads\/2024\/10\/r_4-300x198.png 300w\" sizes=\"(max-width: 360px) 100vw, 360px\" \/><\/td><\/tr><tr><td><img loading=\"lazy\" decoding=\"async\" width=\"360\" height=\"312\" class=\"wp-image-302\" style=\"width: 360px;\" src=\"http:\/\/www.lucas-hvacr.pe\/wp-content\/uploads\/2024\/10\/r_2.png\" alt=\"\" srcset=\"https:\/\/www.lucas-hvacr.pe\/wp-content\/uploads\/2024\/10\/r_2.png 461w, https:\/\/www.lucas-hvacr.pe\/wp-content\/uploads\/2024\/10\/r_2-300x260.png 300w\" sizes=\"(max-width: 360px) 100vw, 360px\" \/><\/td><td><strong>7. Satisfacci\u00f3n Garantizada<\/strong><br>Nuestro compromiso es tu satisfacci\u00f3n. Trabajamos estrechamente contigo para asegurarnos de que todas tus expectativas sean cumplidas y superadas.<br>Al elegir nuestros servicios, no solo est\u00e1s invirtiendo en equipos de alta calidad, sino tambi\u00e9n en la tranquilidad de saber que tu negocio est\u00e1 en manos de expertos comprometidos con tu \u00e9xito.<\/td><\/tr><tr><td><mark style=\"background-color:rgba(0, 0, 0, 0)\" class=\"has-inline-color has-luminous-vivid-amber-color\">\u00bfTe gustar\u00eda saber m\u00e1s sobre alg\u00fan aspecto en particular de nuestros servicios?<\/mark><\/td><td><img loading=\"lazy\" decoding=\"async\" width=\"360\" height=\"263\" class=\"wp-image-305\" style=\"width: 360px;\" src=\"http:\/\/www.lucas-hvacr.pe\/wp-content\/uploads\/2024\/10\/r_5.png\" alt=\"\" srcset=\"https:\/\/www.lucas-hvacr.pe\/wp-content\/uploads\/2024\/10\/r_5.png 443w, https:\/\/www.lucas-hvacr.pe\/wp-content\/uploads\/2024\/10\/r_5-300x219.png 300w\" sizes=\"(max-width: 360px) 100vw, 360px\" \/><\/td><\/tr><\/tbody><\/table><\/figure>\n\n\n\n<div class=\"wp-block-buttons is-content-justification-center is-layout-flex wp-container-core-buttons-is-layout-16018d1d wp-block-buttons-is-layout-flex\">\n<div class=\"wp-block-button is-style-outline is-style-outline--1\"><a class=\"wp-block-button__link has-text-align-center wp-element-button\" href=\"http:\/\/www.lucas-hvacr.pe\/?page_id=159\"><strong>CONT\u00c1CTANOS<\/strong><\/a><\/div>\n<\/div>\n\n\n\n<p><\/p>\n","protected":false},"excerpt":{"rendered":"<p>Aqu\u00ed tienes una explicaci\u00f3n de por qu\u00e9 deber\u00edas adquirir nuestros servicios de instalaci\u00f3n, mantenimiento y soporte t\u00e9cnico para c\u00e1maras frigor\u00edficas: 1. Experiencia y ProfesionalismoContamos con un equipo de t\u00e9cnicos altamente capacitados y con a\u00f1os de experiencia en la instalaci\u00f3n y mantenimiento de c\u00e1maras frigor\u00edficas. Nos aseguramos de que cada instalaci\u00f3n se realice con los m\u00e1s [&hellip;]<\/p>\n","protected":false},"author":1,"featured_media":0,"parent":0,"menu_order":0,"comment_status":"closed","ping_status":"closed","template":"","meta":{"footnotes":""},"class_list":["post-301","page","type-page","status-publish","hentry"],"_links":{"self":[{"href":"https:\/\/www.lucas-hvacr.pe\/index.php?rest_route=\/wp\/v2\/pages\/301","targetHints":{"allow":["GET"]}}],"collection":[{"href":"https:\/\/www.lucas-hvacr.pe\/index.php?rest_route=\/wp\/v2\/pages"}],"about":[{"href":"https:\/\/www.lucas-hvacr.pe\/index.php?rest_route=\/wp\/v2\/types\/page"}],"author":[{"embeddable":true,"href":"https:\/\/www.lucas-hvacr.pe\/index.php?rest_route=\/wp\/v2\/users\/1"}],"replies":[{"embeddable":true,"href":"https:\/\/www.lucas-hvacr.pe\/index.php?rest_route=%2Fwp%2Fv2%2Fcomments&post=301"}],"version-history":[{"count":5,"href":"https:\/\/www.lucas-hvacr.pe\/index.php?rest_route=\/wp\/v2\/pages\/301\/revisions"}],"predecessor-version":[{"id":313,"href":"https:\/\/www.lucas-hvacr.pe\/index.php?rest_route=\/wp\/v2\/pages\/301\/revisions\/313"}],"wp:attachment":[{"href":"https:\/\/www.lucas-hvacr.pe\/index.php?rest_route=%2Fwp%2Fv2%2Fmedia&parent=301"}],"curies":[{"name":"wp","href":"https:\/\/api.w.org\/{rel}","templated":true}]}}