{"id":280,"date":"2024-10-14T01:11:23","date_gmt":"2024-10-14T01:11:23","guid":{"rendered":"https:\/\/www.lucas-hvacr.pe\/?page_id=280"},"modified":"2024-10-14T01:57:04","modified_gmt":"2024-10-14T01:57:04","slug":"climatizacion","status":"publish","type":"page","link":"https:\/\/www.lucas-hvacr.pe\/?page_id=280","title":{"rendered":"Climatizaci\u00f3n"},"content":{"rendered":"\n<p>Aqu\u00ed tienes un vistazo general a las instalaciones de sistemas de climatizaci\u00f3n que utilizamos:<\/p>\n\n\n\n<div class=\"wp-block-group\"><div class=\"wp-block-group__inner-container is-layout-constrained wp-block-group-is-layout-constrained\">\n<div class=\"wp-block-columns is-layout-flex wp-container-core-columns-is-layout-9d6595d7 wp-block-columns-is-layout-flex\">\n<div class=\"wp-block-column is-layout-flow wp-block-column-is-layout-flow\" style=\"flex-basis:100%\">\n<div class=\"wp-block-group\"><div class=\"wp-block-group__inner-container is-layout-constrained wp-block-group-is-layout-constrained\">\n<figure class=\"wp-block-table is-style-stripes\"><table class=\"has-fixed-layout\"><tbody><tr><td>Componentes Principales:<br>Unidades de Enfriamiento y Calefacci\u00f3n: Equipos como aires acondicionados, calefactores, y bombas de calor que regulan la temperatura.<br>Ductos y Conductos: Redes que distribuyen el aire caliente o fr\u00edo por todo el espacio.<br>Termostatos y Controles: Dispositivos que permiten ajustar y monitorear la temperatura.<\/td><td><img fetchpriority=\"high\" decoding=\"async\" width=\"360\" height=\"270\" class=\"wp-image-93\" style=\"width: 360px;\" src=\"http:\/\/www.lucas-hvacr.pe\/wp-content\/uploads\/2024\/10\/pan3.png\" alt=\"\" srcset=\"https:\/\/www.lucas-hvacr.pe\/wp-content\/uploads\/2024\/10\/pan3.png 718w, https:\/\/www.lucas-hvacr.pe\/wp-content\/uploads\/2024\/10\/pan3-300x225.png 300w\" sizes=\"(max-width: 360px) 100vw, 360px\" \/><\/td><\/tr><tr><td><img decoding=\"async\" width=\"360\" height=\"429\" class=\"wp-image-203\" style=\"width: 360px;\" src=\"http:\/\/www.lucas-hvacr.pe\/wp-content\/uploads\/2024\/10\/v2.jpg\" alt=\"\" srcset=\"https:\/\/www.lucas-hvacr.pe\/wp-content\/uploads\/2024\/10\/v2.jpg 462w, https:\/\/www.lucas-hvacr.pe\/wp-content\/uploads\/2024\/10\/v2-252x300.jpg 252w\" sizes=\"(max-width: 360px) 100vw, 360px\" \/><\/td><td>Sistemas de Ventilaci\u00f3n: Equipos que aseguran una adecuada circulaci\u00f3n y calidad del aire.<br>Consideraciones Importantes:<br>Eficiencia Energ\u00e9tica: Uso de equipos y tecnolog\u00edas que minimicen el consumo de energ\u00eda, como sistemas de climatizaci\u00f3n central y bombas de calor de alta eficiencia.<br>Calidad del Aire: Implementaci\u00f3n de filtros y purificadores para mantener un aire limpio y saludable.<br>Dise\u00f1o del Sistema: Planificaci\u00f3n de la ubicaci\u00f3n y tipo de equipos para optimizar el rendimiento y la cobertura.<\/td><\/tr><tr><td>Mantenimiento: Programas regulares para garantizar el correcto funcionamiento y prolongar la vida \u00fatil de los equipos.<br>Tipos de Sistemas:<br>Sistemas Centralizados: Equipos que controlan la climatizaci\u00f3n de todo el edificio desde una \u00fanica unidad.<br>Sistemas Zonales: Permiten ajustar la temperatura en diferentes \u00e1reas de manera independiente.<br>Sistemas Split: Unidades individuales para espacios espec\u00edficos, como habitaciones o \u00e1reas peque\u00f1as.<\/td><td><img decoding=\"async\" width=\"360\" height=\"216\" class=\"wp-image-30\" style=\"width: 360px;\" src=\"http:\/\/www.lucas-hvacr.pe\/wp-content\/uploads\/2024\/09\/aire.png\" alt=\"\" srcset=\"https:\/\/www.lucas-hvacr.pe\/wp-content\/uploads\/2024\/09\/aire.png 500w, https:\/\/www.lucas-hvacr.pe\/wp-content\/uploads\/2024\/09\/aire-300x180.png 300w\" sizes=\"(max-width: 360px) 100vw, 360px\" \/><\/td><\/tr><\/tbody><\/table><figcaption class=\"wp-element-caption\">Las instalaciones de sistemas de climatizaci\u00f3n bien planificadas y ejecutadas aseguran un ambiente c\u00f3modo y eficiente, ya sea en un hogar, oficina o industria.<br><br><strong><mark style=\"background-color:rgba(0, 0, 0, 0)\" class=\"has-inline-color has-luminous-vivid-amber-color\">\u00bfQu\u00e9 aspecto te gustar\u00eda explorar m\u00e1s a fondo?<\/mark><\/strong><\/figcaption><\/figure>\n<\/div><\/div>\n<\/div>\n<\/div>\n<\/div><\/div>\n\n\n\n<hr class=\"wp-block-separator has-alpha-channel-opacity\"\/>\n\n\n\n<div class=\"wp-block-buttons is-content-justification-center is-layout-flex wp-container-core-buttons-is-layout-16018d1d wp-block-buttons-is-layout-flex\">\n<div class=\"wp-block-button\"><a class=\"wp-block-button__link wp-element-button\"><strong><mark style=\"background-color:rgba(0, 0, 0, 0)\" class=\"has-inline-color has-luminous-vivid-amber-color\">CONT\u00c1CTANOS<\/mark><\/strong><\/a><\/div>\n<\/div>\n\n\n\n\t\t<!-- MasterSlider -->\n\t\t<div id=\"P_MS69e4af0049bce\" class=\"master-slider-parent msl ms-parent-id-4\" style=\"max-width:480px;\">\n\n\t\t\t\n\t\t\t<!-- MasterSlider Main -->\n\t\t\t<div id=\"MS69e4af0049bce\" class=\"master-slider ms-skin-metro\" >\n\t\t\t\t \t\t\t\t \n\t\t\t\t<div  class=\"ms-slide\" data-delay=\"3\" data-fill-mode=\"fill\"  >\n\t\t\t\t\t<img decoding=\"async\" src=\"https:\/\/www.lucas-hvacr.pe\/wp-content\/plugins\/master-slider\/public\/assets\/css\/blank.gif\" alt=\"\" title=\"\" data-src=\"https:\/\/www.lucas-hvacr.pe\/wp-content\/uploads\/2024\/10\/rrss.png\" \/>\n\n\n\t<div class=\"ms-thumb\" ><div class=\"ms-tab-context\"><div class=\"&quot;ms-tab-context&quot;\"><\/div><\/div>\n<\/div>\n\t\t\t\t<\/div>\n\t\t\t\t<div  class=\"ms-slide\" data-delay=\"3\" data-fill-mode=\"fill\"  >\n\t\t\t\t\t<img decoding=\"async\" src=\"https:\/\/www.lucas-hvacr.pe\/wp-content\/plugins\/master-slider\/public\/assets\/css\/blank.gif\" alt=\"\" title=\"\" data-src=\"https:\/\/www.lucas-hvacr.pe\/wp-content\/uploads\/2024\/10\/e_2.png\" \/>\n\n\n\t<div class=\"ms-thumb\" ><div class=\"ms-tab-context\"><div class=\"&quot;ms-tab-context&quot;\"><\/div><\/div>\n<\/div>\n\t\t\t\t<\/div>\n\t\t\t\t<div  class=\"ms-slide\" data-delay=\"3\" data-fill-mode=\"fill\"  >\n\t\t\t\t\t<img decoding=\"async\" src=\"https:\/\/www.lucas-hvacr.pe\/wp-content\/plugins\/master-slider\/public\/assets\/css\/blank.gif\" alt=\"\" title=\"\" data-src=\"https:\/\/www.lucas-hvacr.pe\/wp-content\/uploads\/2024\/10\/i_8.png\" \/>\n\n\n\t<div class=\"ms-thumb\" ><div class=\"ms-tab-context\"><div class=\"&quot;ms-tab-context&quot;\"><\/div><\/div>\n<\/div>\n\t\t\t\t<\/div>\n\t\t\t\t<div  class=\"ms-slide\" data-delay=\"3\" data-fill-mode=\"fill\"  >\n\t\t\t\t\t<img decoding=\"async\" src=\"https:\/\/www.lucas-hvacr.pe\/wp-content\/plugins\/master-slider\/public\/assets\/css\/blank.gif\" alt=\"\" title=\"\" data-src=\"https:\/\/www.lucas-hvacr.pe\/wp-content\/uploads\/2024\/10\/e_5.png\" \/>\n\n\n\t<div class=\"ms-thumb\" ><div class=\"ms-tab-context\"><div class=\"&quot;ms-tab-context&quot;\"><\/div><\/div>\n<\/div>\n\t\t\t\t<\/div>\n\t\t\t\t<div  class=\"ms-slide\" data-delay=\"3\" data-fill-mode=\"fill\"  >\n\t\t\t\t\t<img decoding=\"async\" src=\"https:\/\/www.lucas-hvacr.pe\/wp-content\/plugins\/master-slider\/public\/assets\/css\/blank.gif\" alt=\"\" title=\"\" data-src=\"https:\/\/www.lucas-hvacr.pe\/wp-content\/uploads\/2024\/10\/trab8.jpg\" \/>\n\n\n\t<div class=\"ms-thumb\" ><div class=\"ms-tab-context\"><div class=\"&quot;ms-tab-context&quot;\"><\/div><\/div>\n<\/div>\n\t\t\t\t<\/div>\n\t\t\t\t<div  class=\"ms-slide\" data-delay=\"3\" data-fill-mode=\"fill\"  >\n\t\t\t\t\t<img decoding=\"async\" src=\"https:\/\/www.lucas-hvacr.pe\/wp-content\/plugins\/master-slider\/public\/assets\/css\/blank.gif\" alt=\"\" title=\"\" data-src=\"https:\/\/www.lucas-hvacr.pe\/wp-content\/uploads\/2024\/10\/trab5-1.jpg\" \/>\n\n\n\t<div class=\"ms-thumb\" ><div class=\"ms-tab-context\"><div class=\"&quot;ms-tab-context&quot;\"><\/div><\/div>\n<\/div>\n\t\t\t\t<\/div>\n\t\t\t\t<div  class=\"ms-slide\" data-delay=\"3\" data-fill-mode=\"fill\"  >\n\t\t\t\t\t<img decoding=\"async\" src=\"https:\/\/www.lucas-hvacr.pe\/wp-content\/plugins\/master-slider\/public\/assets\/css\/blank.gif\" alt=\"\" title=\"\" data-src=\"https:\/\/www.lucas-hvacr.pe\/wp-content\/uploads\/2024\/10\/e_3.png\" \/>\n\n\n\t<div class=\"ms-thumb\" ><div class=\"ms-tab-context\"><div class=\"&quot;ms-tab-context&quot;\"><\/div><\/div>\n<\/div>\n\t\t\t\t<\/div>\n\t\t\t\t<div  class=\"ms-slide\" data-delay=\"3\" data-fill-mode=\"fill\"  >\n\t\t\t\t\t<img decoding=\"async\" src=\"https:\/\/www.lucas-hvacr.pe\/wp-content\/plugins\/master-slider\/public\/assets\/css\/blank.gif\" alt=\"\" title=\"\" data-src=\"https:\/\/www.lucas-hvacr.pe\/wp-content\/uploads\/2024\/10\/i_3.png\" \/>\n\n\n\t<div class=\"ms-thumb\" ><div class=\"ms-tab-context\"><div class=\"&quot;ms-tab-context&quot;\"><\/div><\/div>\n<\/div>\n\t\t\t\t<\/div>\n\n\t\t\t<\/div>\n\t\t\t<!-- END MasterSlider Main -->\n\n\t\t\t \n\t\t<\/div>\n\t\t<!-- END MasterSlider -->\n\n\t\t<script>\n\t\t(function ( $ ) {\n\t\t\t\"use strict\";\n\n\t\t\t$(function () {\n\t\t\t\tvar masterslider_9bce = new MasterSlider();\n\n\t\t\t\t\/\/ slider controls\n\t\t\t\tmasterslider_9bce.control('arrows'     ,{ autohide:true, overVideo:true  });\n\t\t\t\t\/\/ slider setup\n\t\t\t\tmasterslider_9bce.setup(\"MS69e4af0049bce\", {\n\t\t\t\t\t\twidth           : 480,\n\t\t\t\t\t\theight          : 360,\n\t\t\t\t\t\tminHeight       : 0,\n\t\t\t\t\t\tspace           : 1,\n\t\t\t\t\t\tstart           : 1,\n\t\t\t\t\t\tgrabCursor      : true,\n\t\t\t\t\t\tswipe           : true,\n\t\t\t\t\t\tmouse           : true,\n\t\t\t\t\t\tlayout          : \"boxed\",\n\t\t\t\t\t\twheel           : false,\n\t\t\t\t\t\tautoplay        : true,\n\t\t\t\t\t\tinstantStartLayers:false,\n\t\t\t\t\t\tloop            : true,\n\t\t\t\t\t\tshuffle         : false,\n\t\t\t\t\t\tpreload         : 0,\n\t\t\t\t\t\theightLimit     : true,\n\t\t\t\t\t\tautoHeight      : false,\n\t\t\t\t\t\tsmoothHeight    : true,\n\t\t\t\t\t\tendPause        : false,\n\t\t\t\t\t\toverPause       : true,\n\t\t\t\t\t\tfillMode        : \"fill\",\n\t\t\t\t\t\tcenterControls  : true,\n\t\t\t\t\t\tstartOnAppear   : false,\n\t\t\t\t\t\tlayersMode      : \"center\",\n\t\t\t\t\t\thideLayers      : false,\n\t\t\t\t\t\tfullscreenMargin: 0,\n\t\t\t\t\t\tspeed           : 1,\n\t\t\t\t\t\tdir             : \"h\",\n\t\t\t\t\t\tparallaxMode    : 'swipe',\n\t\t\t\t\t\tview            : \"basic\"\n\t\t\t\t});\n\n\t\t\t\t\n\t\t\t\twindow.masterslider_instances = window.masterslider_instances || [];\n\t\t\t\twindow.masterslider_instances.push( masterslider_9bce );\n\t\t\t });\n\n\t\t})(jQuery);\n\t\t<\/script>\n\n\n\n\n\n<p><\/p>\n","protected":false},"excerpt":{"rendered":"<p>Aqu\u00ed tienes un vistazo general a las instalaciones de sistemas de climatizaci\u00f3n que utilizamos: Componentes Principales:Unidades de Enfriamiento y Calefacci\u00f3n: Equipos como aires acondicionados, calefactores, y bombas de calor que regulan la temperatura.Ductos y Conductos: Redes que distribuyen el aire caliente o fr\u00edo por todo el espacio.Termostatos y Controles: Dispositivos que permiten ajustar y monitorear [&hellip;]<\/p>\n","protected":false},"author":1,"featured_media":0,"parent":0,"menu_order":0,"comment_status":"closed","ping_status":"closed","template":"","meta":{"footnotes":""},"class_list":["post-280","page","type-page","status-publish","hentry"],"_links":{"self":[{"href":"https:\/\/www.lucas-hvacr.pe\/index.php?rest_route=\/wp\/v2\/pages\/280","targetHints":{"allow":["GET"]}}],"collection":[{"href":"https:\/\/www.lucas-hvacr.pe\/index.php?rest_route=\/wp\/v2\/pages"}],"about":[{"href":"https:\/\/www.lucas-hvacr.pe\/index.php?rest_route=\/wp\/v2\/types\/page"}],"author":[{"embeddable":true,"href":"https:\/\/www.lucas-hvacr.pe\/index.php?rest_route=\/wp\/v2\/users\/1"}],"replies":[{"embeddable":true,"href":"https:\/\/www.lucas-hvacr.pe\/index.php?rest_route=%2Fwp%2Fv2%2Fcomments&post=280"}],"version-history":[{"count":2,"href":"https:\/\/www.lucas-hvacr.pe\/index.php?rest_route=\/wp\/v2\/pages\/280\/revisions"}],"predecessor-version":[{"id":292,"href":"https:\/\/www.lucas-hvacr.pe\/index.php?rest_route=\/wp\/v2\/pages\/280\/revisions\/292"}],"wp:attachment":[{"href":"https:\/\/www.lucas-hvacr.pe\/index.php?rest_route=%2Fwp%2Fv2%2Fmedia&parent=280"}],"curies":[{"name":"wp","href":"https:\/\/api.w.org\/{rel}","templated":true}]}}