{"id":268,"date":"2024-10-14T00:47:45","date_gmt":"2024-10-14T00:47:45","guid":{"rendered":"https:\/\/www.lucas-hvacr.pe\/?page_id=268"},"modified":"2024-10-14T01:57:21","modified_gmt":"2024-10-14T01:57:21","slug":"instalaciones-electricas","status":"publish","type":"page","link":"https:\/\/www.lucas-hvacr.pe\/?page_id=268","title":{"rendered":"Instalaciones El\u00e9ctricas"},"content":{"rendered":"\n<p><kbd><strong><mark style=\"background-color:rgba(0, 0, 0, 0)\" class=\"has-inline-color has-luminous-vivid-amber-color\">Instalaciones El\u00e9ctricas para Empresas<\/mark><\/strong><\/kbd><\/p>\n\n\n\n<figure class=\"wp-block-table aligncenter is-style-stripes\"><table class=\"has-fixed-layout\"><tbody><tr><td>Las empresas requieren sistemas el\u00e9ctricos robustos que garanticen el funcionamiento eficiente y seguro de sus operaciones. Estos sistemas suelen incluir:<br><strong>Suministro de Alta Capacidad: <\/strong>Las empresas necesitan manejar grandes cargas el\u00e9ctricas para maquinaria, iluminaci\u00f3n, sistemas de climatizaci\u00f3n, y m\u00e1s.<\/td><td><img fetchpriority=\"high\" decoding=\"async\" width=\"360\" height=\"210\" class=\"wp-image-270\" style=\"width: 360px;\" src=\"http:\/\/www.lucas-hvacr.pe\/wp-content\/uploads\/2024\/10\/e_1.png\" alt=\"\" srcset=\"https:\/\/www.lucas-hvacr.pe\/wp-content\/uploads\/2024\/10\/e_1.png 716w, https:\/\/www.lucas-hvacr.pe\/wp-content\/uploads\/2024\/10\/e_1-300x175.png 300w\" sizes=\"(max-width: 360px) 100vw, 360px\" \/><\/td><\/tr><tr><td><img decoding=\"async\" width=\"360\" height=\"257\" class=\"wp-image-272\" style=\"width: 360px;\" src=\"http:\/\/www.lucas-hvacr.pe\/wp-content\/uploads\/2024\/10\/e_3.png\" alt=\"\" srcset=\"https:\/\/www.lucas-hvacr.pe\/wp-content\/uploads\/2024\/10\/e_3.png 667w, https:\/\/www.lucas-hvacr.pe\/wp-content\/uploads\/2024\/10\/e_3-300x214.png 300w\" sizes=\"(max-width: 360px) 100vw, 360px\" \/><\/td><td>Sistemas de Respaldo: Generadores y UPS (Uninterruptible Power Supplies) para mantener la operaci\u00f3n en caso de fallas el\u00e9ctricas.<br><strong>Iluminaci\u00f3n y Control<\/strong>: Sistemas de iluminaci\u00f3n eficiente y controles automatizados para optimizar el uso de energ\u00eda.<br><strong>Seguridad El\u00e9ctrica<\/strong>: Medidas como sistemas de protecci\u00f3n contra sobrecargas y cortocircuitos<\/td><\/tr><\/tbody><\/table><\/figure>\n\n\n\n<p><kbd><mark style=\"background-color:rgba(0, 0, 0, 0)\" class=\"has-inline-color has-luminous-vivid-amber-color\">Instalaciones El\u00e9ctricas para Hogares<\/mark><\/kbd><\/p>\n\n\n\n<figure class=\"wp-block-table aligncenter is-style-stripes\"><table class=\"has-fixed-layout\"><tbody><tr><td>Para los hogares, las instalaciones el\u00e9ctricas est\u00e1n dise\u00f1adas para ser seguras y eficientes, enfoc\u00e1ndose en:<br><strong>Distribuci\u00f3n de Energ\u00eda:<\/strong> Tableros de distribuci\u00f3n que suministran electricidad a todas las \u00e1reas de la casa.<\/td><td><img decoding=\"async\" width=\"360\" height=\"190\" class=\"wp-image-271\" style=\"width: 360px;\" src=\"http:\/\/www.lucas-hvacr.pe\/wp-content\/uploads\/2024\/10\/e_2.png\" alt=\"\" srcset=\"https:\/\/www.lucas-hvacr.pe\/wp-content\/uploads\/2024\/10\/e_2.png 714w, https:\/\/www.lucas-hvacr.pe\/wp-content\/uploads\/2024\/10\/e_2-300x158.png 300w\" sizes=\"(max-width: 360px) 100vw, 360px\" \/><\/td><\/tr><tr><td><img loading=\"lazy\" decoding=\"async\" width=\"360\" height=\"268\" class=\"wp-image-273\" style=\"width: 360px;\" src=\"http:\/\/www.lucas-hvacr.pe\/wp-content\/uploads\/2024\/10\/e_5.png\" alt=\"\" srcset=\"https:\/\/www.lucas-hvacr.pe\/wp-content\/uploads\/2024\/10\/e_5.png 515w, https:\/\/www.lucas-hvacr.pe\/wp-content\/uploads\/2024\/10\/e_5-300x224.png 300w\" sizes=\"(max-width: 360px) 100vw, 360px\" \/><\/td><td><strong>Iluminaci\u00f3n: <\/strong>Sistemas de iluminaci\u00f3n adecuados para cada espacio, usando tecnolog\u00edas como LEDs para ahorrar energ\u00eda.<br><strong>Tomacorrientes y Conexiones:<\/strong> Suficientes puntos de conexi\u00f3n para aparatos y dispositivos sin sobrecargar el sistema.<br><strong>Sistemas de Seguridad: <\/strong>Interruptores de circuito y detectores de fallas para prevenir incendios y accidentes.<\/td><\/tr><\/tbody><\/table><figcaption class=\"wp-element-caption\"><br>Las instalaciones el\u00e9ctricas bien hechas aseguran un suministro confiable y seguro, ya sea en el hogar o en el trabajo.<br><strong><mark style=\"background-color:rgba(0, 0, 0, 0)\" class=\"has-inline-color has-luminous-vivid-amber-color\">\u00bfTe gustar\u00eda saber m\u00e1s sobre alg\u00fan aspecto espec\u00edfico?<\/mark><\/strong><\/figcaption><\/figure>\n\n\n\n<div class=\"wp-block-buttons is-content-justification-center is-layout-flex wp-container-core-buttons-is-layout-16018d1d wp-block-buttons-is-layout-flex\">\n<div class=\"wp-block-button\"><a class=\"wp-block-button__link wp-element-button\" href=\"https:\/\/www.lucas-hvacr.pe\/?page_id=159\"><strong><mark style=\"background-color:rgba(0, 0, 0, 0)\" class=\"has-inline-color has-luminous-vivid-amber-color\">CONTACTANOS<\/mark><\/strong><\/a><\/div>\n<\/div>\n\n\n\n<hr class=\"wp-block-separator has-alpha-channel-opacity\"\/>\n\n\n\n\t\t<!-- MasterSlider -->\n\t\t<div id=\"P_MS69e4afc47fc31\" class=\"master-slider-parent msl ms-parent-id-4\" style=\"max-width:480px;\">\n\n\t\t\t\n\t\t\t<!-- MasterSlider Main -->\n\t\t\t<div id=\"MS69e4afc47fc31\" class=\"master-slider ms-skin-metro\" >\n\t\t\t\t \t\t\t\t \n\t\t\t\t<div  class=\"ms-slide\" data-delay=\"3\" data-fill-mode=\"fill\"  >\n\t\t\t\t\t<img decoding=\"async\" src=\"https:\/\/www.lucas-hvacr.pe\/wp-content\/plugins\/master-slider\/public\/assets\/css\/blank.gif\" alt=\"\" title=\"\" data-src=\"https:\/\/www.lucas-hvacr.pe\/wp-content\/uploads\/2024\/10\/rrss.png\" \/>\n\n\n\t<div class=\"ms-thumb\" ><div class=\"ms-tab-context\"><div class=\"&quot;ms-tab-context&quot;\"><\/div><\/div>\n<\/div>\n\t\t\t\t<\/div>\n\t\t\t\t<div  class=\"ms-slide\" data-delay=\"3\" data-fill-mode=\"fill\"  >\n\t\t\t\t\t<img decoding=\"async\" src=\"https:\/\/www.lucas-hvacr.pe\/wp-content\/plugins\/master-slider\/public\/assets\/css\/blank.gif\" alt=\"\" title=\"\" data-src=\"https:\/\/www.lucas-hvacr.pe\/wp-content\/uploads\/2024\/10\/e_2.png\" \/>\n\n\n\t<div class=\"ms-thumb\" ><div class=\"ms-tab-context\"><div class=\"&quot;ms-tab-context&quot;\"><\/div><\/div>\n<\/div>\n\t\t\t\t<\/div>\n\t\t\t\t<div  class=\"ms-slide\" data-delay=\"3\" data-fill-mode=\"fill\"  >\n\t\t\t\t\t<img decoding=\"async\" src=\"https:\/\/www.lucas-hvacr.pe\/wp-content\/plugins\/master-slider\/public\/assets\/css\/blank.gif\" alt=\"\" title=\"\" data-src=\"https:\/\/www.lucas-hvacr.pe\/wp-content\/uploads\/2024\/10\/i_8.png\" \/>\n\n\n\t<div class=\"ms-thumb\" ><div class=\"ms-tab-context\"><div class=\"&quot;ms-tab-context&quot;\"><\/div><\/div>\n<\/div>\n\t\t\t\t<\/div>\n\t\t\t\t<div  class=\"ms-slide\" data-delay=\"3\" data-fill-mode=\"fill\"  >\n\t\t\t\t\t<img decoding=\"async\" src=\"https:\/\/www.lucas-hvacr.pe\/wp-content\/plugins\/master-slider\/public\/assets\/css\/blank.gif\" alt=\"\" title=\"\" data-src=\"https:\/\/www.lucas-hvacr.pe\/wp-content\/uploads\/2024\/10\/e_5.png\" \/>\n\n\n\t<div class=\"ms-thumb\" ><div class=\"ms-tab-context\"><div class=\"&quot;ms-tab-context&quot;\"><\/div><\/div>\n<\/div>\n\t\t\t\t<\/div>\n\t\t\t\t<div  class=\"ms-slide\" data-delay=\"3\" data-fill-mode=\"fill\"  >\n\t\t\t\t\t<img decoding=\"async\" src=\"https:\/\/www.lucas-hvacr.pe\/wp-content\/plugins\/master-slider\/public\/assets\/css\/blank.gif\" alt=\"\" title=\"\" data-src=\"https:\/\/www.lucas-hvacr.pe\/wp-content\/uploads\/2024\/10\/trab8.jpg\" \/>\n\n\n\t<div class=\"ms-thumb\" ><div class=\"ms-tab-context\"><div class=\"&quot;ms-tab-context&quot;\"><\/div><\/div>\n<\/div>\n\t\t\t\t<\/div>\n\t\t\t\t<div  class=\"ms-slide\" data-delay=\"3\" data-fill-mode=\"fill\"  >\n\t\t\t\t\t<img decoding=\"async\" src=\"https:\/\/www.lucas-hvacr.pe\/wp-content\/plugins\/master-slider\/public\/assets\/css\/blank.gif\" alt=\"\" title=\"\" data-src=\"https:\/\/www.lucas-hvacr.pe\/wp-content\/uploads\/2024\/10\/trab5-1.jpg\" \/>\n\n\n\t<div class=\"ms-thumb\" ><div class=\"ms-tab-context\"><div class=\"&quot;ms-tab-context&quot;\"><\/div><\/div>\n<\/div>\n\t\t\t\t<\/div>\n\t\t\t\t<div  class=\"ms-slide\" data-delay=\"3\" data-fill-mode=\"fill\"  >\n\t\t\t\t\t<img decoding=\"async\" src=\"https:\/\/www.lucas-hvacr.pe\/wp-content\/plugins\/master-slider\/public\/assets\/css\/blank.gif\" alt=\"\" title=\"\" data-src=\"https:\/\/www.lucas-hvacr.pe\/wp-content\/uploads\/2024\/10\/e_3.png\" \/>\n\n\n\t<div class=\"ms-thumb\" ><div class=\"ms-tab-context\"><div class=\"&quot;ms-tab-context&quot;\"><\/div><\/div>\n<\/div>\n\t\t\t\t<\/div>\n\t\t\t\t<div  class=\"ms-slide\" data-delay=\"3\" data-fill-mode=\"fill\"  >\n\t\t\t\t\t<img decoding=\"async\" src=\"https:\/\/www.lucas-hvacr.pe\/wp-content\/plugins\/master-slider\/public\/assets\/css\/blank.gif\" alt=\"\" title=\"\" data-src=\"https:\/\/www.lucas-hvacr.pe\/wp-content\/uploads\/2024\/10\/i_3.png\" \/>\n\n\n\t<div class=\"ms-thumb\" ><div class=\"ms-tab-context\"><div class=\"&quot;ms-tab-context&quot;\"><\/div><\/div>\n<\/div>\n\t\t\t\t<\/div>\n\n\t\t\t<\/div>\n\t\t\t<!-- END MasterSlider Main -->\n\n\t\t\t \n\t\t<\/div>\n\t\t<!-- END MasterSlider -->\n\n\t\t<script>\n\t\t(function ( $ ) {\n\t\t\t\"use strict\";\n\n\t\t\t$(function () {\n\t\t\t\tvar masterslider_fc31 = new MasterSlider();\n\n\t\t\t\t\/\/ slider controls\n\t\t\t\tmasterslider_fc31.control('arrows'     ,{ autohide:true, overVideo:true  });\n\t\t\t\t\/\/ slider setup\n\t\t\t\tmasterslider_fc31.setup(\"MS69e4afc47fc31\", {\n\t\t\t\t\t\twidth           : 480,\n\t\t\t\t\t\theight          : 360,\n\t\t\t\t\t\tminHeight       : 0,\n\t\t\t\t\t\tspace           : 1,\n\t\t\t\t\t\tstart           : 1,\n\t\t\t\t\t\tgrabCursor      : true,\n\t\t\t\t\t\tswipe           : true,\n\t\t\t\t\t\tmouse           : true,\n\t\t\t\t\t\tlayout          : \"boxed\",\n\t\t\t\t\t\twheel           : false,\n\t\t\t\t\t\tautoplay        : true,\n\t\t\t\t\t\tinstantStartLayers:false,\n\t\t\t\t\t\tloop            : true,\n\t\t\t\t\t\tshuffle         : false,\n\t\t\t\t\t\tpreload         : 0,\n\t\t\t\t\t\theightLimit     : true,\n\t\t\t\t\t\tautoHeight      : false,\n\t\t\t\t\t\tsmoothHeight    : true,\n\t\t\t\t\t\tendPause        : false,\n\t\t\t\t\t\toverPause       : true,\n\t\t\t\t\t\tfillMode        : \"fill\",\n\t\t\t\t\t\tcenterControls  : true,\n\t\t\t\t\t\tstartOnAppear   : false,\n\t\t\t\t\t\tlayersMode      : \"center\",\n\t\t\t\t\t\thideLayers      : false,\n\t\t\t\t\t\tfullscreenMargin: 0,\n\t\t\t\t\t\tspeed           : 1,\n\t\t\t\t\t\tdir             : \"h\",\n\t\t\t\t\t\tparallaxMode    : 'swipe',\n\t\t\t\t\t\tview            : \"basic\"\n\t\t\t\t});\n\n\t\t\t\t\n\t\t\t\twindow.masterslider_instances = window.masterslider_instances || [];\n\t\t\t\twindow.masterslider_instances.push( masterslider_fc31 );\n\t\t\t });\n\n\t\t})(jQuery);\n\t\t<\/script>\n\n\n","protected":false},"excerpt":{"rendered":"<p>Instalaciones El\u00e9ctricas para Empresas Las empresas requieren sistemas el\u00e9ctricos robustos que garanticen el funcionamiento eficiente y seguro de sus operaciones. Estos sistemas suelen incluir:Suministro de Alta Capacidad: Las empresas necesitan manejar grandes cargas el\u00e9ctricas para maquinaria, iluminaci\u00f3n, sistemas de climatizaci\u00f3n, y m\u00e1s. Sistemas de Respaldo: Generadores y UPS (Uninterruptible Power Supplies) para mantener la operaci\u00f3n [&hellip;]<\/p>\n","protected":false},"author":1,"featured_media":0,"parent":0,"menu_order":0,"comment_status":"closed","ping_status":"closed","template":"","meta":{"footnotes":""},"class_list":["post-268","page","type-page","status-publish","hentry"],"_links":{"self":[{"href":"https:\/\/www.lucas-hvacr.pe\/index.php?rest_route=\/wp\/v2\/pages\/268","targetHints":{"allow":["GET"]}}],"collection":[{"href":"https:\/\/www.lucas-hvacr.pe\/index.php?rest_route=\/wp\/v2\/pages"}],"about":[{"href":"https:\/\/www.lucas-hvacr.pe\/index.php?rest_route=\/wp\/v2\/types\/page"}],"author":[{"embeddable":true,"href":"https:\/\/www.lucas-hvacr.pe\/index.php?rest_route=\/wp\/v2\/users\/1"}],"replies":[{"embeddable":true,"href":"https:\/\/www.lucas-hvacr.pe\/index.php?rest_route=%2Fwp%2Fv2%2Fcomments&post=268"}],"version-history":[{"count":5,"href":"https:\/\/www.lucas-hvacr.pe\/index.php?rest_route=\/wp\/v2\/pages\/268\/revisions"}],"predecessor-version":[{"id":294,"href":"https:\/\/www.lucas-hvacr.pe\/index.php?rest_route=\/wp\/v2\/pages\/268\/revisions\/294"}],"wp:attachment":[{"href":"https:\/\/www.lucas-hvacr.pe\/index.php?rest_route=%2Fwp%2Fv2%2Fmedia&parent=268"}],"curies":[{"name":"wp","href":"https:\/\/api.w.org\/{rel}","templated":true}]}}