{"id":2,"date":"2024-08-16T21:46:39","date_gmt":"2024-08-16T21:46:39","guid":{"rendered":"http:\/\/www.lucas-hvacr.pe\/?page_id=2"},"modified":"2024-10-15T20:29:44","modified_gmt":"2024-10-15T20:29:44","slug":"sobre-nosotros","status":"publish","type":"page","link":"https:\/\/www.lucas-hvacr.pe\/?page_id=2","title":{"rendered":"Sobre Nosotros"},"content":{"rendered":"\n<div class=\"wp-block-buttons is-content-justification-center is-layout-flex wp-container-core-buttons-is-layout-16018d1d wp-block-buttons-is-layout-flex\">\n<div class=\"wp-block-button\"><a class=\"wp-block-button__link wp-element-button\"><mark style=\"background-color:rgba(0, 0, 0, 0)\" class=\"has-inline-color has-luminous-vivid-amber-color\"><strong>Acerca de nosotros<\/strong><\/mark><\/a><\/div>\n<\/div>\n\n\n\n<p>En&nbsp;LUCAS-HVACR Somos Especialistas en Climatizaci\u00f3n, Contra Incendio y Energ\u00eda. Con m\u00e1s de 15 a\u00f1os de experiencia en el sector, nos dedicamos a ofrecer soluciones en proyectos con eficiencia y alta calidad tanto en Residencias, Centros Comerciales y la Industria.<\/p>\n\n\n<div class=\"wp-block-image\">\n<figure class=\"aligncenter size-full is-resized\"><img fetchpriority=\"high\" decoding=\"async\" width=\"547\" height=\"653\" src=\"http:\/\/www.lucas-hvacr.pe\/wp-content\/uploads\/2024\/10\/casco-1.jpeg\" alt=\"\" class=\"wp-image-175\" style=\"width:188px;height:auto\" srcset=\"https:\/\/www.lucas-hvacr.pe\/wp-content\/uploads\/2024\/10\/casco-1.jpeg 547w, https:\/\/www.lucas-hvacr.pe\/wp-content\/uploads\/2024\/10\/casco-1-251x300.jpeg 251w\" sizes=\"(max-width: 547px) 100vw, 547px\" \/><\/figure><\/div>\n\n\n<h4 class=\"wp-block-heading has-text-color has-link-color has-medium-font-size wp-elements-65e49865866382d0ad2a5c1ed14e7b4e\" style=\"color:#968d20\">Nuestra Misi\u00f3n<\/h4>\n\n\n\n<p>Nuestra misi\u00f3n es proporcionar confort y bienestar a nuestros clientes a trav\u00e9s de servicios preventivos y correctivos e instalaciones siendo innovadores en nuestros procesos. Nos comprometemos a utilizar las \u00faltimas tecnolog\u00edas y pr\u00e1cticas ecol\u00f3gicas para garantizar un ambiente interior saludable y confortable.<\/p>\n\n\n\n<blockquote class=\"wp-block-quote is-layout-flow wp-block-quote-is-layout-flow\">\n<p class=\"has-text-color has-link-color has-medium-font-size wp-elements-3cd5b06a3a11d8dddea7b3f10cda4f28\" style=\"color:#968d20\"><strong>Nuestros Servicios<\/strong><\/p>\n\n\n\n<ul class=\"wp-block-list\">\n<li class=\"has-medium-font-size\"><strong>Instalaci\u00f3n de Sistemas de Climatizaci\u00f3n, Contra Incendio, y Energ\u00eda<\/strong>:&nbsp;Desde Sistemas Industriales Complejos, Comerciales hasta Sistemas Residenciales.<\/li>\n\n\n\n<li><strong>Mantenimiento Preventivo y Correctivo:&nbsp;<\/strong>Aseguramos el \u00f3ptimo funcionamiento de sus sistemas y prolongamos la vida \u00fatil de sus equipos y maquinaria.<\/li>\n\n\n\n<li class=\"has-medium-font-size\"><strong>Asesor\u00eda Personalizada:&nbsp;<\/strong>Le ayudamos a elegir el Sistema m\u00e1s optimo a su proyecto que mejor se adapte a sus necesidades y presupuestos.<\/li>\n<\/ul>\n\n\n\n<p class=\"has-text-color has-link-color has-medium-font-size wp-elements-3c8b55ed359a63ad262e6cedff7e25fc\" style=\"color:#968d20\"><strong>Nuestro Equipo<\/strong><\/p>\n\n\n\n<figure class=\"wp-block-video\"><video controls src=\"https:\/\/www.lucas-hvacr.pe\/wp-content\/uploads\/2024\/10\/H2-3.mp4\"><\/video><\/figure>\n\n\n\n<p class=\"has-medium-font-size\">Contamos con un equipo de profesionales altamente calificados y en constante formaci\u00f3n, comprometidos con la excelencia y la innovaci\u00f3n. Utilizamos las \u00faltimas tecnolog\u00edas y seguimos estrictos est\u00e1ndares de calidad para garantizar la satisfacci\u00f3n de nuestros clientes.<\/p>\n<\/blockquote>\n\n\n\n<p class=\"has-text-align-center has-text-color has-link-color wp-elements-1bf62cf1cf269f2744a57ce02929c841\" style=\"color:#ffffff\"><\/p>\n\n\n\n<div class=\"wp-block-buttons is-content-justification-center is-layout-flex wp-container-core-buttons-is-layout-16018d1d wp-block-buttons-is-layout-flex\">\n<div class=\"wp-block-button\"><a class=\"wp-block-button__link wp-element-button\"><mark style=\"background-color:rgba(0, 0, 0, 0)\" class=\"has-inline-color has-luminous-vivid-amber-color\"><strong>&#8230;y algo muy importante:<\/strong><\/mark><\/a><\/div>\n<\/div>\n\n\n\n<blockquote class=\"wp-block-quote is-layout-flow wp-block-quote-is-layout-flow\">\n<p class=\"has-large-font-size\"><strong>Compromiso con el Medio Ambiente<\/strong><\/p>\n\n\n\n<p class=\"has-medium-font-size\">En&nbsp;LUCAS-HVACR, estamos comprometidos con la sostenibilidad. Implementamos soluciones energ\u00e9ticamente eficientes que no solo reducen el consumo energ\u00e9tico, sino que tambi\u00e9n minimizan el impacto ambiental.<\/p>\n\n\n\n<div class=\"wp-block-buttons is-content-justification-center is-layout-flex wp-container-core-buttons-is-layout-16018d1d wp-block-buttons-is-layout-flex\">\n<div class=\"wp-block-button\"><a class=\"wp-block-button__link wp-element-button\"><mark style=\"background-color:rgba(0, 0, 0, 0)\" class=\"has-inline-color has-luminous-vivid-amber-color\">\u00bfPor Qu\u00e9 Elegirnos?<\/mark><\/a><\/div>\n<\/div>\n\n\n\n<p class=\"has-medium-font-size\"><strong>Atenci\u00f3n Personalizada:<\/strong>&nbsp;Nos adaptamos a las necesidades y expectativas de cada cliente<\/p>\n\n\n\n<p class=\"has-medium-font-size\"><strong>Experiencia y Profesionalismo:<\/strong>&nbsp;M\u00e1s de 15 a\u00f1os de experiencia en el sector.<\/p>\n\n\n\n<p class=\"has-medium-font-size\"><strong>Calidad y Garant\u00eda:<\/strong>&nbsp;Utilizamos productos de las mejores marcas y ofrecemos garant\u00eda en todos nuestros servicios.<\/p>\n<\/blockquote>\n\n\n<div class=\"wp-block-image\">\n<figure class=\"aligncenter size-full is-resized\"><img decoding=\"async\" width=\"509\" height=\"509\" src=\"http:\/\/www.lucas-hvacr.pe\/wp-content\/uploads\/2024\/10\/h_1.png\" alt=\"\" class=\"wp-image-315\" style=\"width:280px;height:auto\" srcset=\"https:\/\/www.lucas-hvacr.pe\/wp-content\/uploads\/2024\/10\/h_1.png 509w, https:\/\/www.lucas-hvacr.pe\/wp-content\/uploads\/2024\/10\/h_1-300x300.png 300w, https:\/\/www.lucas-hvacr.pe\/wp-content\/uploads\/2024\/10\/h_1-150x150.png 150w\" sizes=\"(max-width: 509px) 100vw, 509px\" \/><\/figure><\/div>\n\n\n<div class=\"wp-block-buttons is-content-justification-center is-layout-flex wp-container-core-buttons-is-layout-16018d1d wp-block-buttons-is-layout-flex\">\n<div class=\"wp-block-button\"><a class=\"wp-block-button__link wp-element-button\" href=\"https:\/\/www.lucas-hvacr.pe\/?page_id=159\">CONT\u00c1CTANOS<\/a><\/div>\n<\/div>\n\n\n\n\t\t<!-- MasterSlider -->\n\t\t<div id=\"P_MS69e4b0327b770\" class=\"master-slider-parent msl ms-parent-id-1\" style=\"max-width:680px;\">\n\n\t\t\t\n\t\t\t<!-- MasterSlider Main -->\n\t\t\t<div id=\"MS69e4b0327b770\" class=\"master-slider ms-skin-default\" >\n\t\t\t\t \t\t\t\t \n\t\t\t\t<div  class=\"ms-slide\" data-delay=\"3\" data-fill-mode=\"fill\"  >\n\t\t\t\t\t<img decoding=\"async\" src=\"https:\/\/www.lucas-hvacr.pe\/wp-content\/plugins\/master-slider\/public\/assets\/css\/blank.gif\" alt=\"\" title=\"\" data-src=\"https:\/\/www.lucas-hvacr.pe\/wp-content\/uploads\/2024\/10\/v1-680x480.jpg\" \/>\n\n\n\t<div class=\"ms-thumb\" ><div class=\"ms-tab-context\"><div class=\"&quot;ms-tab-context&quot;\"><\/div><\/div>\n<\/div>\n\t\t\t\t<\/div>\n\t\t\t\t<div  class=\"ms-slide\" data-delay=\"3\" data-fill-mode=\"fill\"  >\n\t\t\t\t\t<img decoding=\"async\" src=\"https:\/\/www.lucas-hvacr.pe\/wp-content\/plugins\/master-slider\/public\/assets\/css\/blank.gif\" alt=\"\" title=\"\" data-src=\"https:\/\/www.lucas-hvacr.pe\/wp-content\/uploads\/2024\/10\/v2.jpg\" \/>\n\n\n\t<div class=\"ms-thumb\" ><div class=\"ms-tab-context\"><div class=\"&quot;ms-tab-context&quot;\"><\/div><\/div>\n<\/div>\n\t\t\t\t<\/div>\n\t\t\t\t<div  class=\"ms-slide\" data-delay=\"3\" data-fill-mode=\"fill\"  >\n\t\t\t\t\t<img decoding=\"async\" src=\"https:\/\/www.lucas-hvacr.pe\/wp-content\/plugins\/master-slider\/public\/assets\/css\/blank.gif\" alt=\"\" title=\"\" data-src=\"https:\/\/www.lucas-hvacr.pe\/wp-content\/uploads\/2024\/10\/v4.jpg\" \/>\n\n\n\t<div class=\"ms-thumb\" ><div class=\"ms-tab-context\"><div class=\"&quot;ms-tab-context&quot;\"><\/div><\/div>\n<\/div>\n\t\t\t\t<\/div>\n\t\t\t\t<div  class=\"ms-slide\" data-delay=\"3\" data-fill-mode=\"fill\"  >\n\t\t\t\t\t<img decoding=\"async\" src=\"https:\/\/www.lucas-hvacr.pe\/wp-content\/plugins\/master-slider\/public\/assets\/css\/blank.gif\" alt=\"\" title=\"\" data-src=\"https:\/\/www.lucas-hvacr.pe\/wp-content\/uploads\/2024\/10\/v3.jpg\" \/>\n\n\n\t<div class=\"ms-thumb\" ><div class=\"ms-tab-context\"><div class=\"&quot;ms-tab-context&quot;\"><\/div><\/div>\n<\/div>\n\t\t\t\t<\/div>\n\n\t\t\t<\/div>\n\t\t\t<!-- END MasterSlider Main -->\n\n\t\t\t \n\t\t<\/div>\n\t\t<!-- END MasterSlider -->\n\n\t\t<script>\n\t\t(function ( $ ) {\n\t\t\t\"use strict\";\n\n\t\t\t$(function () {\n\t\t\t\tvar masterslider_b770 = new MasterSlider();\n\n\t\t\t\t\/\/ slider controls\n\n\t\t\t\t\/\/ slider setup\n\t\t\t\tmasterslider_b770.setup(\"MS69e4b0327b770\", {\n\t\t\t\t\t\twidth           : 680,\n\t\t\t\t\t\theight          : 480,\n\t\t\t\t\t\tminHeight       : 0,\n\t\t\t\t\t\tspace           : 0,\n\t\t\t\t\t\tstart           : 1,\n\t\t\t\t\t\tgrabCursor      : true,\n\t\t\t\t\t\tswipe           : true,\n\t\t\t\t\t\tmouse           : true,\n\t\t\t\t\t\tlayout          : \"boxed\",\n\t\t\t\t\t\twheel           : false,\n\t\t\t\t\t\tautoplay        : true,\n\t\t\t\t\t\tinstantStartLayers:false,\n\t\t\t\t\t\tloop            : false,\n\t\t\t\t\t\tshuffle         : false,\n\t\t\t\t\t\tpreload         : 0,\n\t\t\t\t\t\theightLimit     : true,\n\t\t\t\t\t\tautoHeight      : false,\n\t\t\t\t\t\tsmoothHeight    : true,\n\t\t\t\t\t\tendPause        : false,\n\t\t\t\t\t\toverPause       : true,\n\t\t\t\t\t\tfillMode        : \"fill\",\n\t\t\t\t\t\tcenterControls  : true,\n\t\t\t\t\t\tstartOnAppear   : false,\n\t\t\t\t\t\tlayersMode      : \"center\",\n\t\t\t\t\t\thideLayers      : false,\n\t\t\t\t\t\tfullscreenMargin: 0,\n\t\t\t\t\t\tspeed           : 5,\n\t\t\t\t\t\tdir             : \"h\",\n\t\t\t\t\t\tparallaxMode    : 'swipe',\n\t\t\t\t\t\tview            : \"basic\"\n\t\t\t\t});\n\n\t\t\t\t\n\t\t\t\twindow.masterslider_instances = window.masterslider_instances || [];\n\t\t\t\twindow.masterslider_instances.push( masterslider_b770 );\n\t\t\t });\n\n\t\t})(jQuery);\n\t\t<\/script>\n\n\n","protected":false},"excerpt":{"rendered":"<p>En&nbsp;LUCAS-HVACR Somos Especialistas en Climatizaci\u00f3n, Contra Incendio y Energ\u00eda. Con m\u00e1s de 15 a\u00f1os de experiencia en el sector, nos dedicamos a ofrecer soluciones en proyectos con eficiencia y alta calidad tanto en Residencias, Centros Comerciales y la Industria. Nuestra Misi\u00f3n Nuestra misi\u00f3n es proporcionar confort y bienestar a nuestros clientes a trav\u00e9s de servicios [&hellip;]<\/p>\n","protected":false},"author":1,"featured_media":33,"parent":0,"menu_order":0,"comment_status":"closed","ping_status":"closed","template":"","meta":{"footnotes":""},"class_list":["post-2","page","type-page","status-publish","has-post-thumbnail","hentry"],"_links":{"self":[{"href":"https:\/\/www.lucas-hvacr.pe\/index.php?rest_route=\/wp\/v2\/pages\/2","targetHints":{"allow":["GET"]}}],"collection":[{"href":"https:\/\/www.lucas-hvacr.pe\/index.php?rest_route=\/wp\/v2\/pages"}],"about":[{"href":"https:\/\/www.lucas-hvacr.pe\/index.php?rest_route=\/wp\/v2\/types\/page"}],"author":[{"embeddable":true,"href":"https:\/\/www.lucas-hvacr.pe\/index.php?rest_route=\/wp\/v2\/users\/1"}],"replies":[{"embeddable":true,"href":"https:\/\/www.lucas-hvacr.pe\/index.php?rest_route=%2Fwp%2Fv2%2Fcomments&post=2"}],"version-history":[{"count":31,"href":"https:\/\/www.lucas-hvacr.pe\/index.php?rest_route=\/wp\/v2\/pages\/2\/revisions"}],"predecessor-version":[{"id":317,"href":"https:\/\/www.lucas-hvacr.pe\/index.php?rest_route=\/wp\/v2\/pages\/2\/revisions\/317"}],"wp:featuredmedia":[{"embeddable":true,"href":"https:\/\/www.lucas-hvacr.pe\/index.php?rest_route=\/wp\/v2\/media\/33"}],"wp:attachment":[{"href":"https:\/\/www.lucas-hvacr.pe\/index.php?rest_route=%2Fwp%2Fv2%2Fmedia&parent=2"}],"curies":[{"name":"wp","href":"https:\/\/api.w.org\/{rel}","templated":true}]}}